{"id":12,"date":"2018-05-10T19:00:31","date_gmt":"2018-05-10T19:00:31","guid":{"rendered":"https:\/\/www.xn--bienhsli-3za5va.ch\/?page_id=12"},"modified":"2025-10-15T18:26:42","modified_gmt":"2025-10-15T18:26:42","slug":"home","status":"publish","type":"page","link":"https:\/\/www.xn--bienhsli-3za5va.ch\/","title":{"rendered":"Herzlich willkommen"},"content":{"rendered":"<p style=\"text-align: center;\"><strong>Herzlich willkommen auf unserer Website!<\/strong><\/p>\n<p style=\"text-align: center;\"><strong><span style=\"color: #ff0000;\">Der aktuelle Honig verf\u00fcgbar und kann \u00fcber den Selbstbedienungskasten oder die Webseite bezogen werden. Infolge des grossen Ansturms ist der Fr\u00fchlingshonig aber bereits ausverkauft. Sommerhonig haben wir noch gen\u00fcgend vorr\u00e4tig. Herzlichen Dank f\u00fcr Ihre Bestellungen \ud83d\ude42<\/span><\/strong><\/p>\n<p style=\"text-align: center;\"><strong><br \/>\n<\/strong><img loading=\"lazy\" decoding=\"async\" class=\"alignnone wp-image-139\" src=\"https:\/\/www.xn--bienhsli-3za5va.ch\/wp-content\/uploads\/IMG_5582-e1528918227245-225x300.jpg\" alt=\"\" width=\"273\" height=\"364\" srcset=\"https:\/\/www.xn--bienhsli-3za5va.ch\/wp-content\/uploads\/IMG_5582-e1528918227245-225x300.jpg 225w, https:\/\/www.xn--bienhsli-3za5va.ch\/wp-content\/uploads\/IMG_5582-e1528918227245-768x1024.jpg 768w, https:\/\/www.xn--bienhsli-3za5va.ch\/wp-content\/uploads\/IMG_5582-e1528918227245-624x832.jpg 624w\" sizes=\"auto, (max-width: 273px) 100vw, 273px\" \/><\/p>\n","protected":false},"excerpt":{"rendered":"<p>Herzlich willkommen auf unserer Website! Der aktuelle Honig verf\u00fcgbar und kann \u00fcber den Selbstbedienungskasten oder die Webseite bezogen werden. Infolge des grossen Ansturms ist der Fr\u00fchlingshonig aber bereits ausverkauft. Sommerhonig haben wir noch gen\u00fcgend vorr\u00e4tig. Herzlichen Dank f\u00fcr Ihre Bestellungen \ud83d\ude42<\/p>\n","protected":false},"author":1,"featured_media":0,"parent":0,"menu_order":0,"comment_status":"closed","ping_status":"closed","template":"templates\/full-width-page.php","meta":{"footnotes":""},"class_list":["post-12","page","type-page","status-publish","hentry","without-featured-image"],"_links":{"self":[{"href":"https:\/\/www.xn--bienhsli-3za5va.ch\/index.php?rest_route=\/wp\/v2\/pages\/12","targetHints":{"allow":["GET"]}}],"collection":[{"href":"https:\/\/www.xn--bienhsli-3za5va.ch\/index.php?rest_route=\/wp\/v2\/pages"}],"about":[{"href":"https:\/\/www.xn--bienhsli-3za5va.ch\/index.php?rest_route=\/wp\/v2\/types\/page"}],"author":[{"embeddable":true,"href":"https:\/\/www.xn--bienhsli-3za5va.ch\/index.php?rest_route=\/wp\/v2\/users\/1"}],"replies":[{"embeddable":true,"href":"https:\/\/www.xn--bienhsli-3za5va.ch\/index.php?rest_route=%2Fwp%2Fv2%2Fcomments&post=12"}],"version-history":[{"count":42,"href":"https:\/\/www.xn--bienhsli-3za5va.ch\/index.php?rest_route=\/wp\/v2\/pages\/12\/revisions"}],"predecessor-version":[{"id":355,"href":"https:\/\/www.xn--bienhsli-3za5va.ch\/index.php?rest_route=\/wp\/v2\/pages\/12\/revisions\/355"}],"wp:attachment":[{"href":"https:\/\/www.xn--bienhsli-3za5va.ch\/index.php?rest_route=%2Fwp%2Fv2%2Fmedia&parent=12"}],"curies":[{"name":"wp","href":"https:\/\/api.w.org\/{rel}","templated":true}]}}