{"id":143,"date":"2018-06-18T18:49:30","date_gmt":"2018-06-18T18:49:30","guid":{"rendered":"https:\/\/www.xn--bienhsli-3za5va.ch\/?post_type=product&#038;p=143"},"modified":"2025-05-27T20:04:18","modified_gmt":"2025-05-27T20:04:18","slug":"degustationsglas-gross-125g","status":"publish","type":"product","link":"https:\/\/www.xn--bienhsli-3za5va.ch\/?product=degustationsglas-gross-125g","title":{"rendered":"Degustationsglas gross (125g)"},"content":{"rendered":"<p>M\u00f6chtest du ein unverbindliche Degustation unseres Honigs?<\/p>\n<p>Gerne senden wir dir ein Muster (125g) zu.<\/p>\n<p>Zuz\u00fcglich Versandkosten Fr. 8.50 bei Lieferungen \u00fcber 10km.<\/p>\n","protected":false},"excerpt":{"rendered":"<p>M\u00f6chtest du ein unverbindliche Degustation unseres Honigs? Gerne senden wir dir ein Muster (125g) zu. Zuz\u00fcglich Versandkosten Fr. 8.50 bei Lieferungen \u00fcber 10km.<\/p>\n","protected":false},"featured_media":145,"template":"","meta":[],"product_cat":[16],"product_tag":[],"class_list":{"0":"post-143","1":"product","2":"type-product","3":"status-publish","4":"has-post-thumbnail","6":"product_cat-honigprodukte","7":"product_shipping_class-paket-normal","8":"with-featured-image","10":"first","11":"instock","12":"sold-individually","13":"shipping-taxable","14":"purchasable","15":"product-type-simple"},"_links":{"self":[{"href":"https:\/\/www.xn--bienhsli-3za5va.ch\/index.php?rest_route=\/wp\/v2\/product\/143","targetHints":{"allow":["GET"]}}],"collection":[{"href":"https:\/\/www.xn--bienhsli-3za5va.ch\/index.php?rest_route=\/wp\/v2\/product"}],"about":[{"href":"https:\/\/www.xn--bienhsli-3za5va.ch\/index.php?rest_route=\/wp\/v2\/types\/product"}],"wp:featuredmedia":[{"embeddable":true,"href":"https:\/\/www.xn--bienhsli-3za5va.ch\/index.php?rest_route=\/wp\/v2\/media\/145"}],"wp:attachment":[{"href":"https:\/\/www.xn--bienhsli-3za5va.ch\/index.php?rest_route=%2Fwp%2Fv2%2Fmedia&parent=143"}],"wp:term":[{"taxonomy":"product_cat","embeddable":true,"href":"https:\/\/www.xn--bienhsli-3za5va.ch\/index.php?rest_route=%2Fwp%2Fv2%2Fproduct_cat&post=143"},{"taxonomy":"product_tag","embeddable":true,"href":"https:\/\/www.xn--bienhsli-3za5va.ch\/index.php?rest_route=%2Fwp%2Fv2%2Fproduct_tag&post=143"}],"curies":[{"name":"wp","href":"https:\/\/api.w.org\/{rel}","templated":true}]}}