{"id":210,"date":"2018-08-14T19:05:53","date_gmt":"2018-08-14T19:05:53","guid":{"rendered":"https:\/\/www.xn--bienhsli-3za5va.ch\/?post_type=product&#038;p=210"},"modified":"2025-10-14T17:21:22","modified_gmt":"2025-10-14T17:21:22","slug":"250g-honig-fruehlingshonig","status":"publish","type":"product","link":"https:\/\/www.xn--bienhsli-3za5va.ch\/?product=250g-honig-fruehlingshonig","title":{"rendered":"250g Honig"},"content":{"rendered":"<p>Bestelle hier ein kleines Glas unseres aktuellen Honigs!<br \/>\n&#8211; Fr\u00fchlingshonig (Bl\u00fctenhonig, hell)<br \/>\n&#8211; Sommerhonig (dunkel)<\/p>\n<p>Du kannst oben zwischen unseren feinen verschiedenen Honigarten ausw\u00e4hlen (solange Vorrat).<\/p>\n<p>Zuz\u00fcglich Versandkosten Fr. 7.00 bei Lieferungen \u00fcber 10km.<\/p>\n<p>Erg\u00e4nzend zu diesem Artikel k\u00f6nnen im Shop mit pers\u00f6nlichen Widmungen beschriftete Deckel ausgew\u00e4hlt werden! Das ideale Geschenk \ud83d\ude42<\/p>\n","protected":false},"excerpt":{"rendered":"<p>Bestelle hier ein kleines Glas unseres aktuellen Honigs! &#8211; Fr\u00fchlingshonig (Bl\u00fctenhonig, hell) &#8211; Sommerhonig (dunkel) Du kannst oben zwischen unseren feinen verschiedenen Honigarten ausw\u00e4hlen (solange Vorrat). Zuz\u00fcglich Versandkosten Fr. 7.00 bei Lieferungen \u00fcber 10km. Erg\u00e4nzend zu diesem Artikel k\u00f6nnen im Shop mit pers\u00f6nlichen Widmungen beschriftete Deckel ausgew\u00e4hlt werden! Das ideale Geschenk \ud83d\ude42<\/p>\n","protected":false},"featured_media":214,"template":"","meta":[],"product_cat":[16],"product_tag":[],"class_list":{"0":"post-210","1":"product","2":"type-product","3":"status-publish","4":"has-post-thumbnail","6":"product_cat-honigprodukte","7":"with-featured-image","9":"first","10":"instock","11":"shipping-taxable","12":"purchasable","13":"product-type-variable"},"_links":{"self":[{"href":"https:\/\/www.xn--bienhsli-3za5va.ch\/index.php?rest_route=\/wp\/v2\/product\/210","targetHints":{"allow":["GET"]}}],"collection":[{"href":"https:\/\/www.xn--bienhsli-3za5va.ch\/index.php?rest_route=\/wp\/v2\/product"}],"about":[{"href":"https:\/\/www.xn--bienhsli-3za5va.ch\/index.php?rest_route=\/wp\/v2\/types\/product"}],"wp:featuredmedia":[{"embeddable":true,"href":"https:\/\/www.xn--bienhsli-3za5va.ch\/index.php?rest_route=\/wp\/v2\/media\/214"}],"wp:attachment":[{"href":"https:\/\/www.xn--bienhsli-3za5va.ch\/index.php?rest_route=%2Fwp%2Fv2%2Fmedia&parent=210"}],"wp:term":[{"taxonomy":"product_cat","embeddable":true,"href":"https:\/\/www.xn--bienhsli-3za5va.ch\/index.php?rest_route=%2Fwp%2Fv2%2Fproduct_cat&post=210"},{"taxonomy":"product_tag","embeddable":true,"href":"https:\/\/www.xn--bienhsli-3za5va.ch\/index.php?rest_route=%2Fwp%2Fv2%2Fproduct_tag&post=210"}],"curies":[{"name":"wp","href":"https:\/\/api.w.org\/{rel}","templated":true}]}}