{"id":295,"date":"2021-11-13T20:43:52","date_gmt":"2021-11-13T20:43:52","guid":{"rendered":"https:\/\/www.xn--bienhsli-3za5va.ch\/?post_type=product&#038;p=295"},"modified":"2025-05-27T20:02:50","modified_gmt":"2025-05-27T20:02:50","slug":"geschenkset","status":"publish","type":"product","link":"https:\/\/www.xn--bienhsli-3za5va.ch\/?product=geschenkset","title":{"rendered":"Geschenkset"},"content":{"rendered":"<p>Hast du f\u00fcr die n\u00e4chste Einladung noch kein Mitbringsel?\u00a0Wir haben das perfekte Geschenkset!<\/p>\n<p>2 x 500g &amp; 1 x 250g Honig auf dem wundersch\u00f6nen Holzbrett mit ausgefr\u00e4sten Vertiefungen, dass alle Gl\u00e4ser an ihrem Platz bleiben. Auch geeignet f\u00fcr den Zmorgentisch :-).<\/p>\n<p>Die Zusammensetzung der Honigvarianten kann frei gew\u00e4hlt werden.<\/p>\n","protected":false},"excerpt":{"rendered":"<p>Hast du f\u00fcr die n\u00e4chste Einladung noch kein Mitbringel?<br \/>\nWir haben das perfekte Geschenkset!<\/p>\n","protected":false},"featured_media":296,"template":"","meta":[],"product_cat":[15],"product_tag":[],"class_list":{"0":"post-295","1":"product","2":"type-product","3":"status-publish","4":"has-post-thumbnail","6":"product_cat-uncategorized","7":"with-featured-image","9":"first","10":"instock","11":"shipping-taxable","12":"purchasable","13":"product-type-simple"},"_links":{"self":[{"href":"https:\/\/www.xn--bienhsli-3za5va.ch\/index.php?rest_route=\/wp\/v2\/product\/295","targetHints":{"allow":["GET"]}}],"collection":[{"href":"https:\/\/www.xn--bienhsli-3za5va.ch\/index.php?rest_route=\/wp\/v2\/product"}],"about":[{"href":"https:\/\/www.xn--bienhsli-3za5va.ch\/index.php?rest_route=\/wp\/v2\/types\/product"}],"wp:featuredmedia":[{"embeddable":true,"href":"https:\/\/www.xn--bienhsli-3za5va.ch\/index.php?rest_route=\/wp\/v2\/media\/296"}],"wp:attachment":[{"href":"https:\/\/www.xn--bienhsli-3za5va.ch\/index.php?rest_route=%2Fwp%2Fv2%2Fmedia&parent=295"}],"wp:term":[{"taxonomy":"product_cat","embeddable":true,"href":"https:\/\/www.xn--bienhsli-3za5va.ch\/index.php?rest_route=%2Fwp%2Fv2%2Fproduct_cat&post=295"},{"taxonomy":"product_tag","embeddable":true,"href":"https:\/\/www.xn--bienhsli-3za5va.ch\/index.php?rest_route=%2Fwp%2Fv2%2Fproduct_tag&post=295"}],"curies":[{"name":"wp","href":"https:\/\/api.w.org\/{rel}","templated":true}]}}