{"id":45,"date":"2018-05-23T20:15:04","date_gmt":"2018-05-23T20:15:04","guid":{"rendered":"https:\/\/www.xn--bienhsli-3za5va.ch\/?post_type=product&#038;p=45"},"modified":"2025-05-27T20:09:35","modified_gmt":"2025-05-27T20:09:35","slug":"degustationsglas-klein","status":"publish","type":"product","link":"https:\/\/www.xn--bienhsli-3za5va.ch\/?product=degustationsglas-klein","title":{"rendered":"Degustationsglas klein (60g)"},"content":{"rendered":"<p>M\u00f6chtest du ein unverbindliche Degustation unseres Honigs?<\/p>\n<p>Gerne senden wir dir ein Muster (60g) zu.<\/p>\n<p>Zuz\u00fcglich Versandkosten Fr. 8.50 bei Lieferungen \u00fcber 10km.<\/p>\n","protected":false},"excerpt":{"rendered":"<p>M\u00f6chtest du ein unverbindliche Degustation unseres Honigs? Gerne senden wir dir ein Muster (60g) zu. Zuz\u00fcglich Versandkosten Fr. 8.50 bei Lieferungen \u00fcber 10km.<\/p>\n","protected":false},"featured_media":146,"template":"","meta":[],"product_cat":[16],"product_tag":[],"class_list":{"0":"post-45","1":"product","2":"type-product","3":"status-publish","4":"has-post-thumbnail","6":"product_cat-honigprodukte","7":"with-featured-image","9":"first","10":"instock","11":"sold-individually","12":"shipping-taxable","13":"purchasable","14":"product-type-simple"},"_links":{"self":[{"href":"https:\/\/www.xn--bienhsli-3za5va.ch\/index.php?rest_route=\/wp\/v2\/product\/45","targetHints":{"allow":["GET"]}}],"collection":[{"href":"https:\/\/www.xn--bienhsli-3za5va.ch\/index.php?rest_route=\/wp\/v2\/product"}],"about":[{"href":"https:\/\/www.xn--bienhsli-3za5va.ch\/index.php?rest_route=\/wp\/v2\/types\/product"}],"wp:featuredmedia":[{"embeddable":true,"href":"https:\/\/www.xn--bienhsli-3za5va.ch\/index.php?rest_route=\/wp\/v2\/media\/146"}],"wp:attachment":[{"href":"https:\/\/www.xn--bienhsli-3za5va.ch\/index.php?rest_route=%2Fwp%2Fv2%2Fmedia&parent=45"}],"wp:term":[{"taxonomy":"product_cat","embeddable":true,"href":"https:\/\/www.xn--bienhsli-3za5va.ch\/index.php?rest_route=%2Fwp%2Fv2%2Fproduct_cat&post=45"},{"taxonomy":"product_tag","embeddable":true,"href":"https:\/\/www.xn--bienhsli-3za5va.ch\/index.php?rest_route=%2Fwp%2Fv2%2Fproduct_tag&post=45"}],"curies":[{"name":"wp","href":"https:\/\/api.w.org\/{rel}","templated":true}]}}